{"id":628,"date":"2023-09-06T09:52:17","date_gmt":"2023-09-06T09:52:17","guid":{"rendered":"https:\/\/doctoracristinamartinez.com\/cursos\/"},"modified":"2023-09-06T09:52:17","modified_gmt":"2023-09-06T09:52:17","slug":"cursos","status":"publish","type":"page","link":"https:\/\/doctoracristinamartinez.com\/ca\/cursos\/","title":{"rendered":"Cursos"},"content":{"rendered":"<div  class='flex_column av-7nq4i-b290898f31fd2edead92e32102607879 av_one_full  avia-builder-el-0  el_before_av_heading  avia-builder-el-first  first flex_column_div  '     ><style type=\"text\/css\" data-created_by=\"avia_inline_auto\" id=\"style-css-av-lm7k3uyz-1b17986177217bf2a3b275dc5b35d4cd\">\n#top .av-special-heading.av-lm7k3uyz-1b17986177217bf2a3b275dc5b35d4cd{\npadding-bottom:10px;\n}\nbody .av-special-heading.av-lm7k3uyz-1b17986177217bf2a3b275dc5b35d4cd .av-special-heading-tag .heading-char{\nfont-size:25px;\n}\n.av-special-heading.av-lm7k3uyz-1b17986177217bf2a3b275dc5b35d4cd .av-subheading{\nfont-size:15px;\n}\n<\/style>\n<div  class='av-special-heading av-lm7k3uyz-1b17986177217bf2a3b275dc5b35d4cd av-special-heading-h2 blockquote modern-quote modern-centered  avia-builder-el-1  avia-builder-el-no-sibling '><h2 class='av-special-heading-tag '  itemprop=\"headline\"  >Cursos<\/h2><div class=\"special-heading-border\"><div class=\"special-heading-inner-border\"><\/div><\/div><\/div><\/div>\n\n<style type=\"text\/css\" data-created_by=\"avia_inline_auto\" id=\"style-css-av-lm7k4fnc-b383a7e70d4e3bc6dad5a1d6a818e2ff\">\n#top .av-special-heading.av-lm7k4fnc-b383a7e70d4e3bc6dad5a1d6a818e2ff{\npadding-bottom:10px;\n}\nbody .av-special-heading.av-lm7k4fnc-b383a7e70d4e3bc6dad5a1d6a818e2ff .av-special-heading-tag .heading-char{\nfont-size:25px;\n}\n.av-special-heading.av-lm7k4fnc-b383a7e70d4e3bc6dad5a1d6a818e2ff .av-subheading{\nfont-size:15px;\n}\n<\/style>\n<div  class='av-special-heading av-lm7k4fnc-b383a7e70d4e3bc6dad5a1d6a818e2ff av-special-heading-h3 blockquote modern-quote modern-centered  avia-builder-el-2  el_after_av_one_full  el_before_av_section  avia-builder-el-last '><h3 class='av-special-heading-tag '  itemprop=\"headline\"  >Formaci\u00f3n online <\/h3><div class=\"special-heading-border\"><div class=\"special-heading-inner-border\"><\/div><\/div><\/div>\n<\/div><\/div><\/div><!-- close content main div --><\/div><\/div>\n<style type=\"text\/css\" data-created_by=\"avia_inline_auto\" id=\"style-css-av-av_section-59d1e4bd48076543a7fa1f90daa9daec\">\n.avia-section.av-av_section-59d1e4bd48076543a7fa1f90daa9daec .av-section-color-overlay{\nopacity:0.2;\nbackground-color:#ff97f9;\nbackground-image:url(https:\/\/doctoracristinamartinez.com\/wp-content\/themes\/enfold\/images\/background-images\/floral-light-compressed.png);\nbackground-repeat:repeat;\n}\n<\/style>\n<div id='av_section_1'  class='avia-section av-av_section-59d1e4bd48076543a7fa1f90daa9daec main_color avia-section-default avia-no-border-styling  avia-builder-el-3  el_after_av_heading  el_before_av_one_full  avia-bg-style-scroll av-section-color-overlay-active container_wrap fullsize'  ><div class=\"av-section-color-overlay-wrap\"><div class=\"av-section-color-overlay\"><\/div><div class='container av-section-cont-open' ><div class='template-page content  av-content-full alpha units'><div class='post-entry post-entry-type-page post-entry-628'><div class='entry-content-wrapper clearfix'>\n\n<style type=\"text\/css\" data-created_by=\"avia_inline_auto\" id=\"style-css-av-av_one_full-76121b05da9ad573a96b404d00ce3af9\">\n.flex_column.av-av_one_full-76121b05da9ad573a96b404d00ce3af9{\nborder-width:3px;\nborder-color:#a6a6a6;\nborder-style:dashed;\npadding:20px 20px 20px 20px;\n}\n<\/style>\n<div  class='flex_column av-av_one_full-76121b05da9ad573a96b404d00ce3af9 av_one_full  avia-builder-el-4  avia-builder-el-no-sibling  first flex_column_div  '     ><p><section  class='av_textblock_section av-lm960d6i-c8dbe0c9fbfd22e4ff2c9c3f810e44f5 '   itemscope=\"itemscope\" itemtype=\"https:\/\/schema.org\/CreativeWork\" ><div class='avia_textblock'  itemprop=\"text\" ><p>Desde que dej\u00e9 el Hospital de Matar\u00f3 he creado e impartido 15 talleres online con m\u00e1s de 4000 asistentes.<\/p>\n<p>Toda esta formaci\u00f3n online ha sido para m\u00ed, fuente de satisfacci\u00f3n m\u00e1xima y mi intenci\u00f3n es continuar creando contenido de valor para seguir mejorando vidas.<\/p>\n<\/div><\/section><br \/>\n<div  class='avia-button-wrap av-lm7k64r5-5a66878d230827131680b018fdf437ff-wrap avia-button-left  avia-builder-el-6  el_after_av_textblock  avia-builder-el-last '><a href='https:\/\/gabinetpsicologicmataro.com\/talleres-en-diferido\/'  class='avia-button av-lm7k64r5-5a66878d230827131680b018fdf437ff av-link-btn avia-icon_select-no avia-size-medium avia-position-left avia-color-theme-color'  target=\"_blank\"  rel=\"noopener noreferrer\"  aria-label=\"Todos los cursos\"><span class='avia_iconbox_title' >Todos los cursos<\/span><\/a><\/div><\/p><\/div><\/div><\/div><\/div><!-- close content main div --><\/div><\/div><\/div><div id='after_section_1'  class='main_color av_default_container_wrap container_wrap fullsize'  ><div class='container av-section-cont-open' ><div class='template-page content  av-content-full alpha units'><div class='post-entry post-entry-type-page post-entry-628'><div class='entry-content-wrapper clearfix'><div  class='flex_column av-bey6i-b91cde1b75b0b6a9f1147c1d1484055b av_one_full  avia-builder-el-7  el_after_av_section  avia-builder-el-no-sibling  first flex_column_div  '     ><div id='av-masonry-1' class='av-masonry av-lm92v0sk-f32be1f21911dfba3eeac5c860c8e3c5 noHover av-flex-size av-1px-gap av-hover-overlay-active av-masonry-animation-active av-masonry-col-flexible av-caption-always av-caption-style- av-masonry-entries ' data-post_id=\"628\"><div class=\"av-masonry-container isotope av-js-disabled\"><div class='av-masonry-entry isotope-item av-masonry-item-no-image all_sort'><\/div><a href=\"https:\/\/doctoracristinamartinez.com\/ca\/639\/\"  id='av-masonry-1-item-639' data-av-masonry-item='639' class='av-masonry-entry isotope-item post-639 nav_menu_item type-nav_menu_item status-publish hentry all_sort av-masonry-item-no-image' title=\"\"   itemscope=\"itemscope\" itemtype=\"https:\/\/schema.org\/CreativeWork\" ><div class='av-inner-masonry-sizer'><\/div><figure class='av-inner-masonry main_color'><figcaption class='av-inner-masonry-content site-background'><div class='av-inner-masonry-content-pos'><div class='av-inner-masonry-content-pos-content'><div class='avia-arrow'><\/div><h3 class='av-masonry-entry-title entry-title '  itemprop=\"headline\" ><\/h3><\/div><\/div><\/figcaption><\/figure><\/a><!--end av-masonry entry--><a href=\"https:\/\/doctoracristinamartinez.com\/ca\/644\/\"  id='av-masonry-1-item-644' data-av-masonry-item='644' class='av-masonry-entry isotope-item post-644 nav_menu_item type-nav_menu_item status-publish hentry all_sort av-masonry-item-no-image' title=\"\"   itemscope=\"itemscope\" itemtype=\"https:\/\/schema.org\/CreativeWork\" ><div class='av-inner-masonry-sizer'><\/div><figure class='av-inner-masonry main_color'><figcaption class='av-inner-masonry-content site-background'><div class='av-inner-masonry-content-pos'><div class='av-inner-masonry-content-pos-content'><div class='avia-arrow'><\/div><h3 class='av-masonry-entry-title entry-title '  itemprop=\"headline\" ><\/h3><\/div><\/div><\/figcaption><\/figure><\/a><!--end av-masonry entry--><a href=\"https:\/\/doctoracristinamartinez.com\/ca\/643\/\"  id='av-masonry-1-item-643' data-av-masonry-item='643' class='av-masonry-entry isotope-item post-643 nav_menu_item type-nav_menu_item status-publish hentry all_sort av-masonry-item-no-image' title=\"\"   itemscope=\"itemscope\" itemtype=\"https:\/\/schema.org\/CreativeWork\" ><div class='av-inner-masonry-sizer'><\/div><figure class='av-inner-masonry main_color'><figcaption class='av-inner-masonry-content site-background'><div class='av-inner-masonry-content-pos'><div class='av-inner-masonry-content-pos-content'><div class='avia-arrow'><\/div><h3 class='av-masonry-entry-title entry-title '  itemprop=\"headline\" ><\/h3><\/div><\/div><\/figcaption><\/figure><\/a><!--end av-masonry entry--><a href=\"https:\/\/doctoracristinamartinez.com\/ca\/642\/\"  id='av-masonry-1-item-642' data-av-masonry-item='642' class='av-masonry-entry isotope-item post-642 nav_menu_item type-nav_menu_item status-publish hentry all_sort av-masonry-item-no-image' title=\"\"   itemscope=\"itemscope\" itemtype=\"https:\/\/schema.org\/CreativeWork\" ><div class='av-inner-masonry-sizer'><\/div><figure class='av-inner-masonry main_color'><figcaption class='av-inner-masonry-content site-background'><div class='av-inner-masonry-content-pos'><div class='av-inner-masonry-content-pos-content'><div class='avia-arrow'><\/div><h3 class='av-masonry-entry-title entry-title '  itemprop=\"headline\" ><\/h3><\/div><\/div><\/figcaption><\/figure><\/a><!--end av-masonry entry--><a href=\"https:\/\/doctoracristinamartinez.com\/ca\/641\/\"  id='av-masonry-1-item-641' data-av-masonry-item='641' class='av-masonry-entry isotope-item post-641 nav_menu_item type-nav_menu_item status-publish hentry all_sort av-masonry-item-no-image' title=\"\"   itemscope=\"itemscope\" itemtype=\"https:\/\/schema.org\/CreativeWork\" ><div class='av-inner-masonry-sizer'><\/div><figure class='av-inner-masonry main_color'><figcaption class='av-inner-masonry-content site-background'><div class='av-inner-masonry-content-pos'><div class='av-inner-masonry-content-pos-content'><div class='avia-arrow'><\/div><h3 class='av-masonry-entry-title entry-title '  itemprop=\"headline\" ><\/h3><\/div><\/div><\/figcaption><\/figure><\/a><!--end av-masonry entry--><a href=\"https:\/\/doctoracristinamartinez.com\/ca\/640\/\"  id='av-masonry-1-item-640' data-av-masonry-item='640' class='av-masonry-entry isotope-item post-640 nav_menu_item type-nav_menu_item status-publish hentry all_sort av-masonry-item-no-image' title=\"\"   itemscope=\"itemscope\" itemtype=\"https:\/\/schema.org\/CreativeWork\" ><div class='av-inner-masonry-sizer'><\/div><figure class='av-inner-masonry main_color'><figcaption class='av-inner-masonry-content site-background'><div class='av-inner-masonry-content-pos'><div class='av-inner-masonry-content-pos-content'><div class='avia-arrow'><\/div><h3 class='av-masonry-entry-title entry-title '  itemprop=\"headline\" ><\/h3><\/div><\/div><\/figcaption><\/figure><\/a><!--end av-masonry entry--><a href=\"https:\/\/doctoracristinamartinez.com\/ca\/637\/\"  id='av-masonry-1-item-637' data-av-masonry-item='637' class='av-masonry-entry isotope-item post-637 nav_menu_item type-nav_menu_item status-publish hentry all_sort av-masonry-item-no-image' title=\"\"   itemscope=\"itemscope\" itemtype=\"https:\/\/schema.org\/CreativeWork\" ><div class='av-inner-masonry-sizer'><\/div><figure class='av-inner-masonry main_color'><figcaption class='av-inner-masonry-content site-background'><div class='av-inner-masonry-content-pos'><div class='av-inner-masonry-content-pos-content'><div class='avia-arrow'><\/div><h3 class='av-masonry-entry-title entry-title '  itemprop=\"headline\" ><\/h3><\/div><\/div><\/figcaption><\/figure><\/a><!--end av-masonry entry--><a href=\"https:\/\/doctoracristinamartinez.com\/ca\/638\/\"  id='av-masonry-1-item-638' data-av-masonry-item='638' class='av-masonry-entry isotope-item post-638 nav_menu_item type-nav_menu_item status-publish hentry all_sort av-masonry-item-no-image' title=\"\"   itemscope=\"itemscope\" itemtype=\"https:\/\/schema.org\/CreativeWork\" ><div class='av-inner-masonry-sizer'><\/div><figure class='av-inner-masonry main_color'><figcaption class='av-inner-masonry-content site-background'><div class='av-inner-masonry-content-pos'><div class='av-inner-masonry-content-pos-content'><div class='avia-arrow'><\/div><h3 class='av-masonry-entry-title entry-title '  itemprop=\"headline\" ><\/h3><\/div><\/div><\/figcaption><\/figure><\/a><!--end av-masonry entry--><a href=\"https:\/\/doctoracristinamartinez.com\/ca\/635\/\"  id='av-masonry-1-item-635' data-av-masonry-item='635' class='av-masonry-entry isotope-item post-635 nav_menu_item type-nav_menu_item status-publish hentry all_sort av-masonry-item-no-image' title=\"\"   itemscope=\"itemscope\" itemtype=\"https:\/\/schema.org\/CreativeWork\" ><div class='av-inner-masonry-sizer'><\/div><figure class='av-inner-masonry main_color'><figcaption class='av-inner-masonry-content site-background'><div class='av-inner-masonry-content-pos'><div class='av-inner-masonry-content-pos-content'><div class='avia-arrow'><\/div><h3 class='av-masonry-entry-title entry-title '  itemprop=\"headline\" ><\/h3><\/div><\/div><\/figcaption><\/figure><\/a><!--end av-masonry entry--><a href=\"https:\/\/doctoracristinamartinez.com\/ca\/636\/\"  id='av-masonry-1-item-636' data-av-masonry-item='636' class='av-masonry-entry isotope-item post-636 nav_menu_item type-nav_menu_item status-publish hentry all_sort av-masonry-item-no-image' title=\"\"   itemscope=\"itemscope\" itemtype=\"https:\/\/schema.org\/CreativeWork\" ><div class='av-inner-masonry-sizer'><\/div><figure class='av-inner-masonry main_color'><figcaption class='av-inner-masonry-content site-background'><div class='av-inner-masonry-content-pos'><div class='av-inner-masonry-content-pos-content'><div class='avia-arrow'><\/div><h3 class='av-masonry-entry-title entry-title '  itemprop=\"headline\" ><\/h3><\/div><\/div><\/figcaption><\/figure><\/a><!--end av-masonry entry--><a href=\"https:\/\/doctoracristinamartinez.com\/ca\/productos-2\/\"  id='av-masonry-1-item-618' data-av-masonry-item='618' class='av-masonry-entry isotope-item post-618 nav_menu_item type-nav_menu_item status-publish hentry all_sort av-masonry-item-no-image' title=\"Productos\"   itemscope=\"itemscope\" itemtype=\"https:\/\/schema.org\/CreativeWork\" ><div class='av-inner-masonry-sizer'><\/div><figure class='av-inner-masonry main_color'><figcaption class='av-inner-masonry-content site-background'><div class='av-inner-masonry-content-pos'><div class='av-inner-masonry-content-pos-content'><div class='avia-arrow'><\/div><h3 class='av-masonry-entry-title entry-title '  itemprop=\"headline\" >Productos<\/h3><\/div><\/div><\/figcaption><\/figure><\/a><!--end av-masonry entry--><a href=\"https:\/\/doctoracristinamartinez.com\/ca\/574\/\"  id='av-masonry-1-item-574' data-av-masonry-item='574' class='av-masonry-entry isotope-item post-574 nav_menu_item type-nav_menu_item status-publish hentry all_sort av-masonry-item-no-image' title=\"\"   itemscope=\"itemscope\" itemtype=\"https:\/\/schema.org\/CreativeWork\" ><div class='av-inner-masonry-sizer'><\/div><figure class='av-inner-masonry main_color'><figcaption class='av-inner-masonry-content site-background'><div class='av-inner-masonry-content-pos'><div class='av-inner-masonry-content-pos-content'><div class='avia-arrow'><\/div><h3 class='av-masonry-entry-title entry-title '  itemprop=\"headline\" ><\/h3><\/div><\/div><\/figcaption><\/figure><\/a><!--end av-masonry entry--><\/div><\/div><\/div><\/p>\n","protected":false},"excerpt":{"rendered":"","protected":false},"author":1,"featured_media":0,"parent":0,"menu_order":0,"comment_status":"closed","ping_status":"closed","template":"","meta":{"footnotes":""},"class_list":["post-628","page","type-page","status-publish","hentry"],"yoast_head":"<!-- This site is optimized with the Yoast SEO plugin v27.3 - https:\/\/yoast.com\/product\/yoast-seo-wordpress\/ -->\n<title>Cursos - Dra. Cristina Martinez<\/title>\n<meta name=\"robots\" content=\"index, follow, max-snippet:-1, max-image-preview:large, max-video-preview:-1\" \/>\n<link rel=\"canonical\" href=\"https:\/\/doctoracristinamartinez.com\/ca\/cursos\/\" \/>\n<meta property=\"og:locale\" content=\"ca_ES\" \/>\n<meta property=\"og:type\" content=\"article\" \/>\n<meta property=\"og:title\" content=\"Cursos - Dra. Cristina Martinez\" \/>\n<meta property=\"og:url\" content=\"https:\/\/doctoracristinamartinez.com\/ca\/cursos\/\" \/>\n<meta property=\"og:site_name\" content=\"Dra. Cristina Martinez\" \/>\n<meta name=\"twitter:card\" content=\"summary_large_image\" \/>\n<meta name=\"twitter:label1\" content=\"Temps estimat de lectura\" \/>\n\t<meta name=\"twitter:data1\" content=\"14 minuts\" \/>\n<script type=\"application\/ld+json\" class=\"yoast-schema-graph\">{\"@context\":\"https:\\\/\\\/schema.org\",\"@graph\":[{\"@type\":\"WebPage\",\"@id\":\"https:\\\/\\\/doctoracristinamartinez.com\\\/ca\\\/cursos\\\/\",\"url\":\"https:\\\/\\\/doctoracristinamartinez.com\\\/ca\\\/cursos\\\/\",\"name\":\"Cursos - Dra. Cristina Martinez\",\"isPartOf\":{\"@id\":\"https:\\\/\\\/doctoracristinamartinez.com\\\/ca\\\/#website\"},\"datePublished\":\"2023-09-06T09:52:17+00:00\",\"breadcrumb\":{\"@id\":\"https:\\\/\\\/doctoracristinamartinez.com\\\/ca\\\/cursos\\\/#breadcrumb\"},\"inLanguage\":\"ca\",\"potentialAction\":[{\"@type\":\"ReadAction\",\"target\":[\"https:\\\/\\\/doctoracristinamartinez.com\\\/ca\\\/cursos\\\/\"]}]},{\"@type\":\"BreadcrumbList\",\"@id\":\"https:\\\/\\\/doctoracristinamartinez.com\\\/ca\\\/cursos\\\/#breadcrumb\",\"itemListElement\":[{\"@type\":\"ListItem\",\"position\":1,\"name\":\"Portada\",\"item\":\"https:\\\/\\\/doctoracristinamartinez.com\\\/ca\\\/inici\\\/\"},{\"@type\":\"ListItem\",\"position\":2,\"name\":\"Cursos\"}]},{\"@type\":\"WebSite\",\"@id\":\"https:\\\/\\\/doctoracristinamartinez.com\\\/ca\\\/#website\",\"url\":\"https:\\\/\\\/doctoracristinamartinez.com\\\/ca\\\/\",\"name\":\"Dra. Cristina Martinez\",\"description\":\"\",\"potentialAction\":[{\"@type\":\"SearchAction\",\"target\":{\"@type\":\"EntryPoint\",\"urlTemplate\":\"https:\\\/\\\/doctoracristinamartinez.com\\\/ca\\\/?s={search_term_string}\"},\"query-input\":{\"@type\":\"PropertyValueSpecification\",\"valueRequired\":true,\"valueName\":\"search_term_string\"}}],\"inLanguage\":\"ca\"}]}<\/script>\n<!-- \/ Yoast SEO plugin. -->","yoast_head_json":{"title":"Cursos - Dra. Cristina Martinez","robots":{"index":"index","follow":"follow","max-snippet":"max-snippet:-1","max-image-preview":"max-image-preview:large","max-video-preview":"max-video-preview:-1"},"canonical":"https:\/\/doctoracristinamartinez.com\/ca\/cursos\/","og_locale":"ca_ES","og_type":"article","og_title":"Cursos - Dra. Cristina Martinez","og_url":"https:\/\/doctoracristinamartinez.com\/ca\/cursos\/","og_site_name":"Dra. Cristina Martinez","twitter_card":"summary_large_image","twitter_misc":{"Temps estimat de lectura":"14 minuts"},"schema":{"@context":"https:\/\/schema.org","@graph":[{"@type":"WebPage","@id":"https:\/\/doctoracristinamartinez.com\/ca\/cursos\/","url":"https:\/\/doctoracristinamartinez.com\/ca\/cursos\/","name":"Cursos - Dra. Cristina Martinez","isPartOf":{"@id":"https:\/\/doctoracristinamartinez.com\/ca\/#website"},"datePublished":"2023-09-06T09:52:17+00:00","breadcrumb":{"@id":"https:\/\/doctoracristinamartinez.com\/ca\/cursos\/#breadcrumb"},"inLanguage":"ca","potentialAction":[{"@type":"ReadAction","target":["https:\/\/doctoracristinamartinez.com\/ca\/cursos\/"]}]},{"@type":"BreadcrumbList","@id":"https:\/\/doctoracristinamartinez.com\/ca\/cursos\/#breadcrumb","itemListElement":[{"@type":"ListItem","position":1,"name":"Portada","item":"https:\/\/doctoracristinamartinez.com\/ca\/inici\/"},{"@type":"ListItem","position":2,"name":"Cursos"}]},{"@type":"WebSite","@id":"https:\/\/doctoracristinamartinez.com\/ca\/#website","url":"https:\/\/doctoracristinamartinez.com\/ca\/","name":"Dra. Cristina Martinez","description":"","potentialAction":[{"@type":"SearchAction","target":{"@type":"EntryPoint","urlTemplate":"https:\/\/doctoracristinamartinez.com\/ca\/?s={search_term_string}"},"query-input":{"@type":"PropertyValueSpecification","valueRequired":true,"valueName":"search_term_string"}}],"inLanguage":"ca"}]}},"_links":{"self":[{"href":"https:\/\/doctoracristinamartinez.com\/ca\/wp-json\/wp\/v2\/pages\/628","targetHints":{"allow":["GET"]}}],"collection":[{"href":"https:\/\/doctoracristinamartinez.com\/ca\/wp-json\/wp\/v2\/pages"}],"about":[{"href":"https:\/\/doctoracristinamartinez.com\/ca\/wp-json\/wp\/v2\/types\/page"}],"author":[{"embeddable":true,"href":"https:\/\/doctoracristinamartinez.com\/ca\/wp-json\/wp\/v2\/users\/1"}],"replies":[{"embeddable":true,"href":"https:\/\/doctoracristinamartinez.com\/ca\/wp-json\/wp\/v2\/comments?post=628"}],"version-history":[{"count":0,"href":"https:\/\/doctoracristinamartinez.com\/ca\/wp-json\/wp\/v2\/pages\/628\/revisions"}],"wp:attachment":[{"href":"https:\/\/doctoracristinamartinez.com\/ca\/wp-json\/wp\/v2\/media?parent=628"}],"curies":[{"name":"wp","href":"https:\/\/api.w.org\/{rel}","templated":true}]}}